{"id":12,"date":"2022-03-02T10:19:21","date_gmt":"2022-03-02T10:19:21","guid":{"rendered":"https:\/\/demo.creativethemes.com\/blocksy\/home-decor\/?page_id=12"},"modified":"2024-01-09T21:54:41","modified_gmt":"2024-01-09T20:54:41","slug":"about-us","status":"publish","type":"page","link":"https:\/\/bicitrackbt.com\/index.php\/about-us\/","title":{"rendered":"Conocenos"},"content":{"rendered":"\n<div class=\"wp-block-stackable-columns alignfull stk-block-columns stk-block stk-dc595a3 stk-block-background\" data-block-id=\"dc595a3\"><style>.stk-dc595a3{background-color:var(--theme-palette-color-5,#EEEEEE) !important;padding-top:120px !important;padding-bottom:120px !important;margin-bottom:0px !important}.stk-dc595a3:before{background-color:var(--theme-palette-color-5,#EEEEEE) !important}@media screen and (max-width:999px){.stk-dc595a3{padding-top:80px !important;padding-bottom:80px !important}}<\/style><div class=\"stk-row stk-inner-blocks stk-block-content stk-content-align stk-dc595a3-column\">\n<div class=\"wp-block-stackable-column stk-block-column stk-column stk-block stk-29e92bc\" data-v=\"4\" data-block-id=\"29e92bc\"><style>.stk-29e92bc-container{margin-top:0px !important;margin-right:0px !important;margin-bottom:0px !important;margin-left:0px !important}<\/style><div class=\"stk-column-wrapper stk-block-column__content stk-container stk-29e92bc-container stk--no-background stk--no-padding\"><div class=\"stk-block-content stk-inner-blocks stk-29e92bc-inner-blocks\">\n<div class=\"wp-block-stackable-heading stk-block-heading stk-block-heading--v2 stk-block stk-2d08bbf\" id=\"conocenos\" data-block-id=\"2d08bbf\"><style>.stk-2d08bbf .stk-block-heading__text{font-size:80px !important}@media screen and (max-width:999px){.stk-2d08bbf .stk-block-heading__text{font-size:45px !important}}@media screen and (max-width:689px){.stk-2d08bbf .stk-block-heading__text{font-size:35px !important}}<\/style><h2 class=\"stk-block-heading__text has-text-align-center\">Conocenos<\/h2><\/div>\n<\/div><\/div><\/div>\n<\/div><\/div>\n\n\n\n<div class=\"wp-block-stackable-spacer stk-block-spacer stk--no-padding stk-block stk-938bbb3\" data-block-id=\"938bbb3\"><style>.stk-938bbb3{height:120px !important}@media screen and (max-width:999px){.stk-938bbb3{height:80px !important}}<\/style><\/div>\n\n\n\n<div class=\"wp-block-stackable-columns stk-block-columns stk-block stk-a25dc6b\" data-block-id=\"a25dc6b\"><style>.stk-a25dc6b{margin-bottom:0px !important}.stk-a25dc6b-column{--stk-column-gap:100px !important;row-gap:50px !important}<\/style><div class=\"stk-row stk-inner-blocks stk-block-content stk-content-align stk-a25dc6b-column\">\n<div class=\"wp-block-stackable-column stk-block-column stk-column stk-block stk-637db20\" data-v=\"4\" data-block-id=\"637db20\"><style>.stk-637db20-container{margin-top:0px !important;margin-right:0px !important;margin-bottom:0px !important;margin-left:0px !important}@media screen and (min-width:690px){.stk-637db20{flex:1 1 calc(53% - var(--stk-column-gap,0px) * 1 \/ 2 ) !important}}@media screen and (min-width:690px) and (max-width:999px){.stk-637db20{flex:0 1 calc(100% - var(--stk-column-gap,0px) * 0 \/ 1 ) !important}}<\/style><div class=\"stk-column-wrapper stk-block-column__content stk-container stk-637db20-container stk--no-background stk--no-padding\"><div class=\"stk-block-content stk-inner-blocks stk-637db20-inner-blocks\">\n<div class=\"wp-block-stackable-image stk-block-image stk-block stk-f0f863f\" data-block-id=\"f0f863f\"><style>@media screen and (max-width:999px){.stk-f0f863f .stk-img-wrapper{height:600px !important}.stk-f0f863f .stk-img-wrapper img{object-position:49% 1% !important}}@media screen and (max-width:689px){.stk-f0f863f .stk-img-wrapper{height:500px !important}}<\/style><figure><span class=\"stk-img-wrapper stk-image--shape-stretch\"><img loading=\"lazy\" decoding=\"async\" class=\"stk-img wp-image-645\" src=\"http:\/\/bicitrackbt.com\/wp-content\/uploads\/2023\/11\/WhatsApp_Image_2023-09-05_at_8.00.38_PM-removebg-preview.png\" width=\"507\" height=\"381\" srcset=\"https:\/\/bicitrackbt.com\/wp-content\/uploads\/2023\/11\/WhatsApp_Image_2023-09-05_at_8.00.38_PM-removebg-preview.png 507w, https:\/\/bicitrackbt.com\/wp-content\/uploads\/2023\/11\/WhatsApp_Image_2023-09-05_at_8.00.38_PM-removebg-preview-300x225.png 300w\" sizes=\"auto, (max-width: 507px) 100vw, 507px\" \/><\/span><\/figure><\/div>\n<\/div><\/div><\/div>\n\n\n\n<div class=\"wp-block-stackable-column stk-block-column stk-column stk-block stk-2039561\" data-v=\"4\" data-block-id=\"2039561\"><style>.stk-2039561-container{margin-top:0px !important;margin-right:0px !important;margin-bottom:0px !important;margin-left:0px !important}.stk-2039561{align-self:center !important}@media screen and (min-width:690px){.stk-2039561{flex:1 1 calc(47% - var(--stk-column-gap,0px) * 1 \/ 2 ) !important}}@media screen and (min-width:690px) and (max-width:999px){.stk-2039561{flex:0 1 calc(100% - var(--stk-column-gap,0px) * 0 \/ 1 ) !important}}<\/style><div class=\"stk-column-wrapper stk-block-column__content stk-container stk-2039561-container stk--no-background stk--no-padding\"><div class=\"stk-block-content stk-inner-blocks stk-2039561-inner-blocks\">\n<div class=\"wp-block-stackable-heading stk-block-heading stk-block-heading--v2 stk-block stk-b61712c\" id=\"producto-disenado-y-fabricado-en-colombia\" data-block-id=\"b61712c\"><style>.stk-b61712c{margin-bottom:20px !important}.stk-b61712c .stk-block-heading__text{font-size:40px !important}@media screen and (max-width:999px){.stk-b61712c .stk-block-heading__text{font-size:30px !important}}<\/style><h2 class=\"stk-block-heading__text has-text-align-center-mobile\">Producto dise\u00f1ado y fabricado en Colombia<\/h2><\/div>\n\n\n\n<div class=\"wp-block-stackable-text stk-block-text stk-block stk-726f1c8\" data-block-id=\"726f1c8\"><style>.stk-726f1c8{margin-bottom:50px !important}<\/style><p class=\"stk-block-text__text has-text-align-center-mobile\">Bicitrack es un producto pionero e innovador pensando en la implementaci\u00f3n de la bicicleta como transporte de carga de manera mas optima y segura.<\/p><\/div>\n\n\n\n<div class=\"wp-block-stackable-text stk-block-text stk-block stk-af4d081\" data-block-id=\"af4d081\"><p class=\"stk-block-text__text\">Bicitrack tambi\u00e9n fue dise\u00f1ado pensando en la disminuci\u00f3n de emisiones contaminantes a la atmosfera ayudando as\u00ed a la conservaci\u00f3n del medio ambiente.<\/p><\/div>\n<\/div><\/div><\/div>\n<\/div><\/div>\n\n\n\n<div class=\"wp-block-stackable-spacer stk-block-spacer stk--no-padding stk-block stk-8bae419\" data-block-id=\"8bae419\"><style>.stk-8bae419{height:120px !important}@media screen and (max-width:999px){.stk-8bae419{height:80px !important}}<\/style><\/div>\n\n\n\n<div class=\"wp-block-stackable-columns stk-block-columns stk-block stk-cb2da1f\" data-block-id=\"cb2da1f\"><style>.stk-cb2da1f{margin-bottom:0px !important}.stk-cb2da1f-column{--stk-column-gap:100px !important;row-gap:50px !important}<\/style><div class=\"stk-row stk-inner-blocks stk-block-content stk-content-align stk-cb2da1f-column\">\n<div class=\"wp-block-stackable-column stk-block-column stk-column stk-block stk-648f5fd\" data-v=\"4\" data-block-id=\"648f5fd\"><style>.stk-648f5fd-container{margin-top:0px !important;margin-right:0px !important;margin-bottom:0px !important;margin-left:0px !important}.stk-648f5fd{align-self:center !important}@media screen and (min-width:690px){.stk-648f5fd{flex:1 1 calc(47% - var(--stk-column-gap,0px) * 1 \/ 2 ) !important}}@media screen and (min-width:690px) and (max-width:999px){.stk-648f5fd{flex:0 1 calc(100% - var(--stk-column-gap,0px) * 0 \/ 1 ) !important}}<\/style><div class=\"stk-column-wrapper stk-block-column__content stk-container stk-648f5fd-container stk--no-background stk--no-padding\"><div class=\"stk-block-content stk-inner-blocks stk-648f5fd-inner-blocks\">\n<div class=\"wp-block-stackable-heading stk-block-heading stk-block-heading--v2 stk-block stk-2dc3303\" id=\"productos-de-alta-calidad\" data-block-id=\"2dc3303\"><style>.stk-2dc3303{margin-bottom:20px !important}.stk-2dc3303 .stk-block-heading__text{font-size:40px !important}@media screen and (max-width:999px){.stk-2dc3303 .stk-block-heading__text{font-size:30px !important}}<\/style><h2 class=\"stk-block-heading__text has-text-align-center-mobile\">Productos de alta calidad<\/h2><\/div>\n\n\n\n<div class=\"wp-block-stackable-text stk-block-text stk-block stk-efdb34c\" data-block-id=\"efdb34c\"><style>.stk-efdb34c{margin-bottom:0px !important}<\/style><p class=\"stk-block-text__text has-text-align-center-mobile\">Estos productos son fabricado con materiales certificados por los entes reguladores.<\/p><\/div>\n<\/div><\/div><\/div>\n\n\n\n<div class=\"wp-block-stackable-column stk-block-column stk-column stk-block stk-5834af5\" data-v=\"4\" data-block-id=\"5834af5\"><style>.stk-5834af5-container{margin-top:0px !important;margin-right:0px !important;margin-bottom:0px !important;margin-left:0px !important}@media screen and (min-width:690px){.stk-5834af5{flex:1 1 calc(53% - var(--stk-column-gap,0px) * 1 \/ 2 ) !important}}@media screen and (min-width:690px) and (max-width:999px){.stk-5834af5{flex:0 1 calc(100% - var(--stk-column-gap,0px) * 0 \/ 1 ) !important}}<\/style><div class=\"stk-column-wrapper stk-block-column__content stk-container stk-5834af5-container stk--no-background stk--no-padding\"><div class=\"stk-block-content stk-inner-blocks stk-5834af5-inner-blocks\">\n<div class=\"wp-block-stackable-image stk-block-image stk-block stk-c501482\" data-block-id=\"c501482\"><style>@media screen and (max-width:999px){.stk-c501482 .stk-img-wrapper{height:600px !important}.stk-c501482 .stk-img-wrapper img{object-position:46% 21% !important}}@media screen and (max-width:689px){.stk-c501482 .stk-img-wrapper{height:500px !important}.stk-c501482 .stk-img-wrapper img{object-position:83% 54% !important}}<\/style><figure><span class=\"stk-img-wrapper stk-image--shape-stretch\"><img loading=\"lazy\" decoding=\"async\" class=\"stk-img wp-image-642\" src=\"http:\/\/bicitrackbt.com\/wp-content\/uploads\/2023\/11\/BT05-sin-fondo.png\" width=\"577\" height=\"433\" srcset=\"https:\/\/bicitrackbt.com\/wp-content\/uploads\/2023\/11\/BT05-sin-fondo.png 577w, https:\/\/bicitrackbt.com\/wp-content\/uploads\/2023\/11\/BT05-sin-fondo-300x225.png 300w\" sizes=\"auto, (max-width: 577px) 100vw, 577px\" \/><\/span><\/figure><\/div>\n<\/div><\/div><\/div>\n<\/div><\/div>\n\n\n\n<div class=\"wp-block-stackable-spacer stk-block-spacer stk--no-padding stk-block stk-5fd6ea2\" data-block-id=\"5fd6ea2\"><style>.stk-5fd6ea2{height:120px !important}@media screen and (max-width:999px){.stk-5fd6ea2{height:80px !important}}<\/style><\/div>\n\n\n\n<div class=\"wp-block-stackable-video-popup stk-block-video-popup stk-block stk-c37450b\" data-video=\"https:\/\/youtu.be\/_kap4pdqkMQ\" data-block-id=\"c37450b\"><style>.stk-c37450b{margin-bottom:0px !important}<\/style><button class=\"stk-block-video-popup__overlay stk-row stk-inner-blocks stk-block-content stk-hover-parent\" aria-label=\"Play Video\">\n<div class=\"wp-block-stackable-icon stk-block-icon has-text-align-center stk-block stk-a5143bd\" data-block-id=\"a5143bd\"><span class=\"stk--svg-wrapper\"><div class=\"stk--inner-svg\"><svg style=\"height:0;width:0\"><defs><linearGradient id=\"linear-gradient-a5143bd\" x1=\"0\" x2=\"100%\" y1=\"0\" y2=\"0\"><stop offset=\"0%\" style=\"stop-opacity:1;stop-color:var(--linear-gradient-a-5143-bd-color-1)\"><\/stop><stop offset=\"100%\" style=\"stop-opacity:1;stop-color:var(--linear-gradient-a-5143-bd-color-2)\"><\/stop><\/linearGradient><\/defs><\/svg><svg data-prefix=\"fas\" data-icon=\"play\" class=\"svg-inline--fa fa-play fa-w-14\" xmlns=\"http:\/\/www.w3.org\/2000\/svg\" viewBox=\"0 0 448 512\" aria-hidden=\"true\" width=\"32\" height=\"32\"><path fill=\"currentColor\" d=\"M424.4 214.7L72.4 6.6C43.8-10.3 0 6.1 0 47.9V464c0 37.5 40.7 60.1 72.4 41.3l352-208c31.4-18.5 31.5-64.1 0-82.6z\"><\/path><\/svg><\/div><\/span><\/div>\n\n\n\n<div class=\"wp-block-stackable-image stk-block-image stk-block stk-a83edd3\" data-block-id=\"a83edd3\"><\/div>\n<\/button><\/div>\n\n\n\n<div class=\"wp-block-stackable-spacer stk-block-spacer stk--no-padding stk-block stk-27caeb1\" data-block-id=\"27caeb1\"><style>.stk-27caeb1{height:70px !important}@media screen and (max-width:999px){.stk-27caeb1{height:50px !important}}<\/style><\/div>\n\n\n\n<div class=\"wp-block-stackable-text stk-block-text stk-block stk-ad2410d\" data-block-id=\"ad2410d\"><style>.stk-ad2410d{max-width:900px !important;margin-right:auto !important;margin-left:auto !important}.stk-ad2410d .stk-block-text__text{font-size:17px !important}@media screen and (max-width:999px){.stk-ad2410d{margin-bottom:0px !important}.stk-ad2410d .stk-block-text__text{font-size:17px !important}}<\/style><p class=\"stk-block-text__text has-text-align-center\">Productos para la movilidad con conciencia ambiental<\/p><\/div>\n\n\n\n<div class=\"wp-block-stackable-spacer stk-block-spacer stk--no-padding stk-block stk-e2a2e99\" data-block-id=\"e2a2e99\"><style>.stk-e2a2e99{height:120px !important}@media screen and (max-width:999px){.stk-e2a2e99{height:80px !important}}<\/style><\/div>\n\n\n\n<div class=\"wp-block-stackable-columns alignfull stk-block-columns stk-block stk-9b2b95e stk-block-background stk--has-background-overlay\" data-block-id=\"9b2b95e\"><style>.stk-9b2b95e{background-color:#000000 !important;background-image:url(http:\/\/bicitrackbt.com\/wp-content\/uploads\/2023\/10\/WhatsApp-Image-2023-09-05-at-7.12.12-PM.jpeg) !important;padding-top:160px !important;padding-bottom:160px !important;margin-bottom:0px !important}.stk-9b2b95e:before{background-color:#000000 !important;opacity:0.2 !important}@media screen and (max-width:999px){.stk-9b2b95e{padding-top:80px !important;padding-bottom:80px !important}}<\/style><div class=\"stk-row stk-inner-blocks stk-block-content stk-content-align stk-9b2b95e-column\">\n<div class=\"wp-block-stackable-column stk-block-column stk-column stk-block stk-cbf8d64\" data-v=\"4\" data-block-id=\"cbf8d64\"><style>.stk-cbf8d64-container{margin-top:0px !important;margin-right:auto !important;margin-bottom:0px !important;margin-left:auto !important;max-width:650px !important}<\/style><div class=\"stk-column-wrapper stk-block-column__content stk-container stk-cbf8d64-container stk--no-background stk--no-padding\"><div class=\"stk-block-content stk-inner-blocks stk-cbf8d64-inner-blocks\">\n<div class=\"wp-block-stackable-heading stk-block-heading stk-block-heading--v2 stk-block stk-0831cc8\" id=\"subscribe-to-our-newsletter\" data-block-id=\"0831cc8\"><style>.stk-0831cc8{margin-bottom:20px !important}.stk-0831cc8 .stk-block-heading__text{color:var(--theme-palette-color-8,#ffffff) !important}@media screen and (max-width:999px){.stk-0831cc8 .stk-block-heading__text{font-size:30px !important}}<\/style><h2 class=\"stk-block-heading__text has-text-color has-palette-color-8-color has-text-align-center\">Subscribe to Our Newsletter<\/h2><\/div>\n\n\n<div class=\"wpforms-container wpforms-block wpforms-block-e9f845d9-64c3-48a7-90e4-c4d08ce491c4 ct-wpforms-inline-fields wpforms-render-modern\" id=\"wpforms-190\"><form id=\"wpforms-form-190\" class=\"wpforms-validate wpforms-form\" data-formid=\"190\" method=\"post\" enctype=\"multipart\/form-data\" action=\"\/index.php\/wp-json\/wp\/v2\/pages\/12\" data-token=\"ccfea899bd323723c90b572c9fd2e747\" data-token-time=\"1776270826\"><noscript class=\"wpforms-error-noscript\">Please enable JavaScript in your browser to complete this form.<\/noscript><div id=\"wpforms-error-noscript\" style=\"display: none;\">Please enable JavaScript in your browser to complete this form.<\/div><div class=\"wpforms-field-container\"><div id=\"wpforms-190-field_1-container\" class=\"wpforms-field wpforms-field-email\" data-field-id=\"1\"><label class=\"wpforms-field-label wpforms-label-hide\" for=\"wpforms-190-field_1\" aria-hidden=\"false\">Email <span class=\"wpforms-required-label\" aria-hidden=\"true\">*<\/span><\/label><input type=\"email\" id=\"wpforms-190-field_1\" class=\"wpforms-field-large wpforms-field-required\" name=\"wpforms[fields][1]\" placeholder=\"Your Email Address *\" spellcheck=\"false\" aria-errormessage=\"wpforms-190-field_1-error\" required><\/div><\/div><!-- .wpforms-field-container --><div class=\"wpforms-submit-container\" ><input type=\"hidden\" name=\"wpforms[id]\" value=\"190\"><input type=\"hidden\" name=\"page_title\" value=\"\"><input type=\"hidden\" name=\"page_url\" value=\"https:\/\/bicitrackbt.com\/index.php\/wp-json\/wp\/v2\/pages\/12\"><input type=\"hidden\" name=\"url_referer\" value=\"\"><button type=\"submit\" name=\"wpforms[submit]\" id=\"wpforms-submit-190\" class=\"wpforms-submit\" data-alt-text=\"Sending...\" data-submit-text=\"SUBSCRIBE\" aria-live=\"assertive\" value=\"wpforms-submit\">SUBSCRIBE<\/button><\/div><\/form><\/div>  <!-- .wpforms-container --><\/div><\/div><\/div>\n<\/div><\/div>\n","protected":false},"excerpt":{"rendered":"<p>Conocenos Producto dise\u00f1ado y fabricado en Colombia Bicitrack es un producto pionero e innovador pensando en la implementaci\u00f3n de la bicicleta como transporte de carga de manera mas optima y segura. Bicitrack tambi\u00e9n fue dise\u00f1ado pensando en la disminuci\u00f3n de emisiones contaminantes a la atmosfera ayudando as\u00ed a la conservaci\u00f3n del medio ambiente. Productos de [&hellip;]<\/p>\n","protected":false},"author":1,"featured_media":0,"parent":0,"menu_order":0,"comment_status":"closed","ping_status":"closed","template":"","meta":{"footnotes":""},"class_list":["post-12","page","type-page","status-publish","hentry"],"blocksy_meta":{"styles_descriptor":{"styles":{"desktop":"","tablet":"","mobile":""},"google_fonts":[],"version":6},"page_title_panel":"","has_hero_section":"disabled","4a6c26e3489cfc452f0c7089ef3cf078":"","hero_section":"type-1","hero_elements":[{"id":"custom_title","enabled":true,"heading_tag":"h1","title":"Home"},{"id":"custom_description","enabled":true,"description_visibility":{"desktop":true,"tablet":true,"mobile":false}},{"id":"custom_meta","enabled":false,"meta_elements":[{"id":"author","enabled":true,"label":"By","has_author_avatar":"yes","avatar_size":25},{"id":"post_date","enabled":true,"label":"On","date_format_source":"default","date_format":"M j, Y"},{"id":"updated_date","enabled":false,"label":"On","date_format_source":"default","date_format":"M j, Y"},{"id":"categories","enabled":false,"label":"In","style":"simple"},{"id":"comments","enabled":true}],"page_meta_elements":{"joined":true,"articles_count":true,"comments":true}},{"id":"breadcrumbs","enabled":false}],"fe562f922a7890432068950dda17c488":"","hero_alignment1":"CT_CSS_SKIP_RULE","hero_margin":40,"hero_alignment2":"center","hero_vertical_alignment":"center","21ff91474bdbf7e3262b971e98d91af2":"","hero_structure":"narrow","efbca305c45ecabd3d17e2c3bd7c910d":"","page_title_bg_type":"featured_image","custom_hero_background":{"attachment_id":null},"page_title_image_size":"full","parallax":{"desktop":false,"tablet":false,"mobile":false},"5ba28e80c5f05ca70537edad0eefaf73":"","hero_height":"250px","pageTitleFont":{"family":"Default","variation":"Default","size":"30px","line-height":"CT_CSS_SKIP_RULE","letter-spacing":"CT_CSS_SKIP_RULE","text-transform":"CT_CSS_SKIP_RULE","text-decoration":"CT_CSS_SKIP_RULE"},"pageTitleFontColor":{"default":{"color":"CT_CSS_SKIP_RULEDEFAULT"}},"pageMetaFont":{"family":"Default","variation":"n6","size":"12px","line-height":"1.3","letter-spacing":"CT_CSS_SKIP_RULE","text-transform":"uppercase","text-decoration":"CT_CSS_SKIP_RULE"},"pageMetaFontColor":{"default":{"color":"CT_CSS_SKIP_RULEDEFAULT"},"hover":{"color":"CT_CSS_SKIP_RULEDEFAULT"}},"page_meta_button_type_font_colors":{"default":{"color":"CT_CSS_SKIP_RULEDEFAULT"},"hover":{"color":"CT_CSS_SKIP_RULEDEFAULT"}},"page_meta_button_type_background_colors":{"default":{"color":"CT_CSS_SKIP_RULEDEFAULT"},"hover":{"color":"CT_CSS_SKIP_RULEDEFAULT"}},"pageExcerptFont":{"family":"Default","variation":"Default","size":"CT_CSS_SKIP_RULE","line-height":"CT_CSS_SKIP_RULE","letter-spacing":"CT_CSS_SKIP_RULE","text-transform":"CT_CSS_SKIP_RULE","text-decoration":"CT_CSS_SKIP_RULE"},"pageExcerptColor":{"default":{"color":"CT_CSS_SKIP_RULEDEFAULT"}},"breadcrumbsFont":{"family":"Default","variation":"Default","size":"CT_CSS_SKIP_RULE","line-height":"CT_CSS_SKIP_RULE","letter-spacing":"CT_CSS_SKIP_RULE","text-transform":"CT_CSS_SKIP_RULE","text-decoration":"CT_CSS_SKIP_RULE"},"breadcrumbsFontColor":{"default":{"color":"CT_CSS_SKIP_RULEDEFAULT"},"initial":{"color":"CT_CSS_SKIP_RULEDEFAULT"},"hover":{"color":"CT_CSS_SKIP_RULEDEFAULT"}},"pageTitleOverlay":{"background_type":"color","background_pattern":"type-1","background_image":{"attachment_id":null,"x":0,"y":0},"gradient":"linear-gradient(135deg,rgba(6,147,227,1) 0%,rgb(155,81,224) 100%)","background_repeat":"repeat","background_size":"auto","background_attachment":"scroll","patternColor":{"default":{"color":"#e5e7ea"}},"overlayColor":{"default":{"color":"CT_CSS_SKIP_RULE"}},"backgroundColor":{"default":{"color":"CT_CSS_SKIP_RULE"}}},"pageTitleBackground":{"background_type":"color","background_pattern":"type-1","background_image":{"attachment_id":null,"x":0,"y":0},"gradient":"linear-gradient(135deg,rgba(6,147,227,1) 0%,rgb(155,81,224) 100%)","background_repeat":"repeat","background_size":"auto","background_attachment":"scroll","patternColor":{"default":{"color":"#e5e7ea"}},"overlayColor":{"default":{"color":"CT_CSS_SKIP_RULE"}},"backgroundColor":{"default":{"color":"var(--theme-palette-color-6)"}}},"pageTitlePadding":{"top":"50px","bottom":"50px","left":"auto","right":"auto","linked":true},"a271f1d3e5a6bce1f48f7d72e3fe62cd":"","page_structure_type":"default","ac8f391930b733f81c8c2034fe54f4c4":"","content_style_source":"inherit","content_style":"wide","vertical_spacing_source":"custom","content_area_spacing":"none","background":{"background_type":"color","background_pattern":"type-1","background_image":{"attachment_id":null,"x":0,"y":0},"gradient":"linear-gradient(135deg,rgba(6,147,227,1) 0%,rgb(155,81,224) 100%)","background_repeat":"repeat","background_size":"auto","background_attachment":"scroll","patternColor":{"default":{"color":"#e5e7ea"}},"overlayColor":{"default":{"color":"CT_CSS_SKIP_RULE"}},"backgroundColor":{"default":{"color":"CT_CSS_SKIP_RULE"}}},"content_background":{"background_type":"color","background_pattern":"type-1","background_image":{"attachment_id":null,"x":0,"y":0},"gradient":"linear-gradient(135deg,rgba(6,147,227,1) 0%,rgb(155,81,224) 100%)","background_repeat":"repeat","background_size":"auto","background_attachment":"scroll","patternColor":{"default":{"color":"#e5e7ea"}},"overlayColor":{"default":{"color":"CT_CSS_SKIP_RULE"}},"backgroundColor":{"default":{"color":"var(--theme-palette-color-8)"}}},"content_boxed_shadow":{"inherit":false,"blur":18,"spread":-6,"v_offset":12,"h_offset":0,"inset":false,"enable":true,"color":{"color":"rgba(34, 56, 101, 0.04)"}},"boxed_content_spacing":{"desktop":{"top":"40px","bottom":"40px","left":"40px","right":"40px","linked":true},"tablet":{"top":"35px","bottom":"35px","left":"35px","right":"35px","linked":true},"mobile":{"top":"20px","bottom":"20px","left":"20px","right":"20px","linked":true}},"content_boxed_radius":{"top":"3px","bottom":"3px","left":"3px","right":"3px","linked":true},"a38c1b35b8d2e65b9d89492d033c438a":"","disable_featured_image":"no","disable_share_box":"no","disable_header":"no","disable_footer":"no"},"_links":{"self":[{"href":"https:\/\/bicitrackbt.com\/index.php\/wp-json\/wp\/v2\/pages\/12","targetHints":{"allow":["GET"]}}],"collection":[{"href":"https:\/\/bicitrackbt.com\/index.php\/wp-json\/wp\/v2\/pages"}],"about":[{"href":"https:\/\/bicitrackbt.com\/index.php\/wp-json\/wp\/v2\/types\/page"}],"author":[{"embeddable":true,"href":"https:\/\/bicitrackbt.com\/index.php\/wp-json\/wp\/v2\/users\/1"}],"replies":[{"embeddable":true,"href":"https:\/\/bicitrackbt.com\/index.php\/wp-json\/wp\/v2\/comments?post=12"}],"version-history":[{"count":3,"href":"https:\/\/bicitrackbt.com\/index.php\/wp-json\/wp\/v2\/pages\/12\/revisions"}],"predecessor-version":[{"id":683,"href":"https:\/\/bicitrackbt.com\/index.php\/wp-json\/wp\/v2\/pages\/12\/revisions\/683"}],"wp:attachment":[{"href":"https:\/\/bicitrackbt.com\/index.php\/wp-json\/wp\/v2\/media?parent=12"}],"curies":[{"name":"wp","href":"https:\/\/api.w.org\/{rel}","templated":true}]}}